{"id":14,"date":"2019-01-03T16:29:22","date_gmt":"2019-01-03T15:29:22","guid":{"rendered":"https:\/\/storywalking.tours\/?page_id=14"},"modified":"2023-07-14T11:09:29","modified_gmt":"2023-07-14T09:09:29","slug":"about","status":"publish","type":"page","link":"https:\/\/storywalking.tours\/en\/about-us\/","title":{"rendered":"About us"},"content":{"rendered":"\n<p>Ciao sono Storywalking, il tuo compagno di viaggio: insieme passeggeremo tra le storie e le culture del mondo.<br>Avremo la sensazione di entrare dal vivo nella Storia, perch\u00e9 durante ogni viaggio andremo alla scoperta di tradizioni, di leggende, di usi e costumi e tipicit\u00e0 gastronomiche dei piccoli borghi e delle grandi citt\u00e0 d\u2019arte d&#8217;Italia. <br><\/p>\n\n\n\n<h3 class=\"wp-block-heading\">Manifesto<\/h3>\n\n\n\n<p>Siamo pronti ad entrare nella Storia?<br>Avvolgiamo le lancette e passeggiamo indietro nel tempo.<br>Riprendiamoci la bellezza.<br>Concediamoci finalmente un sospiro di sollievo tra le citt\u00e0 d\u2019arte.<br>E il lusso di ordinare un altro caff\u00e8 tra le pagine del passato.<br>Imbamboliamoci.<br>Lasciamo che la poesia di un borgo ci inebri come un calice di vino.<br>Noi crediamo nelle storie cotte a fuoco lento.<br>E che la cultura popolare sia lo spartito del mondo.<br>Seguiamo gli itinerari, ma perdiamoci in chiacchiere.<br>Noi crediamo che l\u2019empatia sia il motore di ogni viaggio.<br>E che la conoscenza sia a un passo di distanza dalla pi\u00f9 grande delle avventure.<br>Perch\u00e9 la vita sia una passeggiata, basta solo seguire la guida giusta.<\/p>\n\n\n\n<h3 class=\"wp-block-heading\">L&#8217;impegno nella cultura locale<\/h3>\n\n\n\n<p>Chi sono? Sulla carta, un tour operator ma la definizione mi sta stretta. Sono un\u2019azienda di cerniera tra industria turistica e territori. Lavoro in parallelo con differenti realt\u00e0 locali e con gli stakeholder per contribuire alla vitalit\u00e0 e alla crescita del patrimonio culturale italiano e mondiale.<br>Ho collaborato nella pubblicazione del libro di Margaret Stenhouse, <em>La Dea del Lago. Le navi perdute di Nemi.<\/em> Il mio logo \u00e8 sul protocollo d\u2019intesa dell\u2019Enoteca Regionale Calabria e sul protocollo d\u2019intesa dell\u2019Ecomuseo delle Acque del Gemonese. <\/p>\n\n\n\n<h3 class=\"wp-block-heading\">Partner<\/h3>\n\n\n\n<p><a rel=\"noreferrer noopener\" aria-label=\"CHARMED (si apre in una nuova scheda)\" href=\"http:\/\/www.charmed-nemi.eu\" target=\"_blank\">\u2192 Progetto europeo Charmed<\/a><br><a rel=\"noreferrer noopener\" aria-label=\"CANCER (si apre in una nuova scheda)\" href=\"http:\/\/www.cancer-nemi.eu\" target=\"_blank\">\u2192 Progetto europeo Cancer<\/a><br><a rel=\"noreferrer noopener\" aria-label=\"Ecomuseo delle Acque del Gemonese (si apre in una nuova scheda)\" href=\"http:\/\/www.ecomuseodelleacque.it\" target=\"_blank\">\u2192 Ecomuseo delle Acque del Gemonese<\/a><br><a rel=\"noreferrer noopener\" aria-label=\"Enoteca regionale della Calabria (si apre in una nuova scheda)\" href=\"http:\/\/ https:\/\/casacalabria.info\" target=\"_blank\">\u2192 Enoteca regionale della Calabria<\/a><br><a href=\"http:\/\/siparte.net\" target=\"_blank\" rel=\"noreferrer noopener\" aria-label=\"Associazione Si pArte! (si apre in una nuova scheda)\">\u2192 Associazione Si pArte!<\/a><br><a rel=\"noreferrer noopener\" aria-label=\"WED IN ROME (si apre in una nuova scheda)\" href=\"http:\/\/wedinrome.it\" target=\"_blank\">\u2192 Wed in Rome<\/a><\/p>\n","protected":false},"excerpt":{"rendered":"<p>Ciao sono Storywalking, il tuo compagno di viaggio: insieme passeggeremo tra le storie e le culture del mondo.Avremo la sensazione di entrare dal vivo nella Storia, perch\u00e9 durante ogni viaggio andremo alla scoperta di tradizioni, di leggende, di usi e costumi e tipicit\u00e0 gastronomiche dei piccoli borghi e delle grandi citt\u00e0 d\u2019arte d&#8217;Italia. Manifesto Siamo &hellip; <a href=\"https:\/\/storywalking.tours\/en\/about-us\/\" class=\"more-link\">Continue reading<span class=\"screen-reader-text\"> &#8220;About us&#8221;<\/span><\/a><\/p>\n","protected":false},"author":1,"featured_media":0,"parent":0,"menu_order":16,"comment_status":"closed","ping_status":"closed","template":"template-parts\/about.php","meta":{"footnotes":""},"class_list":["post-14","page","type-page","status-publish","hentry"],"yoast_head":"<!-- This site is optimized with the Yoast SEO plugin v15.6.2 - https:\/\/yoast.com\/wordpress\/plugins\/seo\/ -->\n<title>About us<\/title>\n<meta name=\"robots\" content=\"index, follow, max-snippet:-1, max-image-preview:large, max-video-preview:-1\" \/>\n<link rel=\"canonical\" href=\"https:\/\/storywalking.tours\/en\/about-us\/\" \/>\n<meta property=\"og:locale\" content=\"en_US\" \/>\n<meta property=\"og:type\" content=\"article\" \/>\n<meta property=\"og:title\" content=\"About us\" \/>\n<meta property=\"og:url\" content=\"https:\/\/storywalking.tours\/en\/about-us\/\" \/>\n<meta property=\"og:site_name\" content=\"Storywalking\" \/>\n<meta property=\"article:modified_time\" content=\"2023-07-14T09:09:29+00:00\" \/>\n<meta property=\"og:image\" content=\"https:\/\/storywalking.tours\/wp-content\/uploads\/2019\/03\/Logo-storywalking.png\" \/>\n\t<meta property=\"og:image:width\" content=\"1200\" \/>\n\t<meta property=\"og:image:height\" content=\"630\" \/>\n<meta name=\"twitter:card\" content=\"summary_large_image\" \/>\n<meta name=\"twitter:label1\" content=\"Est. reading time\">\n\t<meta name=\"twitter:data1\" content=\"1 minute\">\n<script type=\"application\/ld+json\" class=\"yoast-schema-graph\">{\"@context\":\"https:\/\/schema.org\",\"@graph\":[{\"@type\":\"Organization\",\"@id\":\"https:\/\/storywalking.tours\/en\/#organization\",\"name\":\"Storywalking Tours\",\"url\":\"https:\/\/storywalking.tours\/en\/\",\"sameAs\":[],\"logo\":{\"@type\":\"ImageObject\",\"@id\":\"https:\/\/storywalking.tours\/en\/#logo\",\"inLanguage\":\"en-US\",\"url\":\"https:\/\/storywalking.tours\/wp-content\/uploads\/2019\/03\/Logo-storywalking.png\",\"width\":1200,\"height\":630,\"caption\":\"Storywalking Tours\"},\"image\":{\"@id\":\"https:\/\/storywalking.tours\/en\/#logo\"}},{\"@type\":\"WebSite\",\"@id\":\"https:\/\/storywalking.tours\/en\/#website\",\"url\":\"https:\/\/storywalking.tours\/en\/\",\"name\":\"Storywalking\",\"description\":\"\",\"publisher\":{\"@id\":\"https:\/\/storywalking.tours\/en\/#organization\"},\"potentialAction\":[{\"@type\":\"SearchAction\",\"target\":\"https:\/\/storywalking.tours\/en\/?s={search_term_string}\",\"query-input\":\"required name=search_term_string\"}],\"inLanguage\":\"en-US\"},{\"@type\":\"WebPage\",\"@id\":\"https:\/\/storywalking.tours\/en\/about-us\/#webpage\",\"url\":\"https:\/\/storywalking.tours\/en\/about-us\/\",\"name\":\"[:en]About Us | Storywalking[:it]Chi siamo | Storywalking[:]\",\"isPartOf\":{\"@id\":\"https:\/\/storywalking.tours\/en\/#website\"},\"datePublished\":\"2019-01-03T15:29:22+00:00\",\"dateModified\":\"2023-07-14T09:09:29+00:00\",\"description\":\"{:en}Italian tour operator that organizes FIT and small group tours throughout Italy. We specialize in taking open-to-anything, less visited places.{:}\",\"inLanguage\":\"en-US\",\"potentialAction\":[{\"@type\":\"ReadAction\",\"target\":[\"https:\/\/storywalking.tours\/en\/about-us\/\"]}]}]}<\/script>\n<!-- \/ Yoast SEO plugin. -->","_links":{"self":[{"href":"https:\/\/storywalking.tours\/en\/wp-json\/wp\/v2\/pages\/14","targetHints":{"allow":["GET"]}}],"collection":[{"href":"https:\/\/storywalking.tours\/en\/wp-json\/wp\/v2\/pages"}],"about":[{"href":"https:\/\/storywalking.tours\/en\/wp-json\/wp\/v2\/types\/page"}],"author":[{"embeddable":true,"href":"https:\/\/storywalking.tours\/en\/wp-json\/wp\/v2\/users\/1"}],"replies":[{"embeddable":true,"href":"https:\/\/storywalking.tours\/en\/wp-json\/wp\/v2\/comments?post=14"}],"version-history":[{"count":136,"href":"https:\/\/storywalking.tours\/en\/wp-json\/wp\/v2\/pages\/14\/revisions"}],"predecessor-version":[{"id":6248,"href":"https:\/\/storywalking.tours\/en\/wp-json\/wp\/v2\/pages\/14\/revisions\/6248"}],"wp:attachment":[{"href":"https:\/\/storywalking.tours\/en\/wp-json\/wp\/v2\/media?parent=14"}],"curies":[{"name":"wp","href":"https:\/\/api.w.org\/{rel}","templated":true}]}}